{"id":999,"date":"2022-03-23T13:11:19","date_gmt":"2022-03-23T12:11:19","guid":{"rendered":"https:\/\/jubilerzabkowice.pl\/?post_type=product&#038;p=999"},"modified":"2022-03-23T13:11:19","modified_gmt":"2022-03-23T12:11:19","slug":"bransoletka-sztywna-z-cyrkoniami","status":"publish","type":"product","link":"https:\/\/jubilerzabkowice.pl\/?product=bransoletka-sztywna-z-cyrkoniami","title":{"rendered":"Bransoletka sztywna z cyrkoniami"},"content":{"rendered":"","protected":false},"excerpt":{"rendered":"<p>Z\u0142ota , sztywna bransoletka ozdobiona cyrkoniami i r\u00f3\u017cowym z\u0142otem. <\/p>\n","protected":false},"featured_media":1000,"template":"","meta":[],"product_cat":[38,45],"product_tag":[46,78,76,55,50,49,47,56,41,77,54,48,57,80,52,79,42,43,51,44],"_links":{"self":[{"href":"https:\/\/jubilerzabkowice.pl\/index.php?rest_route=\/wp\/v2\/product\/999"}],"collection":[{"href":"https:\/\/jubilerzabkowice.pl\/index.php?rest_route=\/wp\/v2\/product"}],"about":[{"href":"https:\/\/jubilerzabkowice.pl\/index.php?rest_route=\/wp\/v2\/types\/product"}],"wp:featuredmedia":[{"embeddable":true,"href":"https:\/\/jubilerzabkowice.pl\/index.php?rest_route=\/wp\/v2\/media\/1000"}],"wp:attachment":[{"href":"https:\/\/jubilerzabkowice.pl\/index.php?rest_route=%2Fwp%2Fv2%2Fmedia&parent=999"}],"wp:term":[{"taxonomy":"product_cat","embeddable":true,"href":"https:\/\/jubilerzabkowice.pl\/index.php?rest_route=%2Fwp%2Fv2%2Fproduct_cat&post=999"},{"taxonomy":"product_tag","embeddable":true,"href":"https:\/\/jubilerzabkowice.pl\/index.php?rest_route=%2Fwp%2Fv2%2Fproduct_tag&post=999"}],"curies":[{"name":"wp","href":"https:\/\/api.w.org\/{rel}","templated":true}]}}