{"id":991,"date":"2022-03-23T12:55:07","date_gmt":"2022-03-23T11:55:07","guid":{"rendered":"https:\/\/jubilerzabkowice.pl\/?post_type=product&#038;p=991"},"modified":"2022-03-23T12:55:07","modified_gmt":"2022-03-23T11:55:07","slug":"zloty-lancuszek-z-sercem","status":"publish","type":"product","link":"https:\/\/jubilerzabkowice.pl\/?product=zloty-lancuszek-z-sercem","title":{"rendered":"Z\u0142oty \u0142a\u0144cuszek z sercem"},"content":{"rendered":"","protected":false},"excerpt":{"rendered":"<p>Z\u0142oty \u0142a\u0144cuszek z sercem i motywem niesko\u0144czono\u015bci z czarnymi kamieniami. <\/p>\n","protected":false},"featured_media":992,"template":"","meta":[],"product_cat":[36,45],"product_tag":[46,55,50,49,47,56,41,70,54,40,73,48,57,72,52,42,43,61,51,44],"_links":{"self":[{"href":"https:\/\/jubilerzabkowice.pl\/index.php?rest_route=\/wp\/v2\/product\/991"}],"collection":[{"href":"https:\/\/jubilerzabkowice.pl\/index.php?rest_route=\/wp\/v2\/product"}],"about":[{"href":"https:\/\/jubilerzabkowice.pl\/index.php?rest_route=\/wp\/v2\/types\/product"}],"wp:featuredmedia":[{"embeddable":true,"href":"https:\/\/jubilerzabkowice.pl\/index.php?rest_route=\/wp\/v2\/media\/992"}],"wp:attachment":[{"href":"https:\/\/jubilerzabkowice.pl\/index.php?rest_route=%2Fwp%2Fv2%2Fmedia&parent=991"}],"wp:term":[{"taxonomy":"product_cat","embeddable":true,"href":"https:\/\/jubilerzabkowice.pl\/index.php?rest_route=%2Fwp%2Fv2%2Fproduct_cat&post=991"},{"taxonomy":"product_tag","embeddable":true,"href":"https:\/\/jubilerzabkowice.pl\/index.php?rest_route=%2Fwp%2Fv2%2Fproduct_tag&post=991"}],"curies":[{"name":"wp","href":"https:\/\/api.w.org\/{rel}","templated":true}]}}