{"id":989,"date":"2022-03-23T12:33:26","date_gmt":"2022-03-23T11:33:26","guid":{"rendered":"https:\/\/jubilerzabkowice.pl\/?post_type=product&#038;p=989"},"modified":"2022-03-23T12:33:26","modified_gmt":"2022-03-23T11:33:26","slug":"zloty-lancuszek-gwiazdki","status":"publish","type":"product","link":"https:\/\/jubilerzabkowice.pl\/?product=zloty-lancuszek-gwiazdki","title":{"rendered":"Z\u0142oty \u0142a\u0144cuszek gwiazdki"},"content":{"rendered":"","protected":false},"excerpt":{"rendered":"<p>Z\u0142oty naszyjnik celebrytka. Motyw gwiazdki z czarnymi kamieniami  <\/p>\n","protected":false},"featured_media":990,"template":"","meta":[],"product_cat":[36,45],"product_tag":[46,55,50,49,71,47,56,41,70,54,40,53,48,57,52,42,43,51,44],"_links":{"self":[{"href":"https:\/\/jubilerzabkowice.pl\/index.php?rest_route=\/wp\/v2\/product\/989"}],"collection":[{"href":"https:\/\/jubilerzabkowice.pl\/index.php?rest_route=\/wp\/v2\/product"}],"about":[{"href":"https:\/\/jubilerzabkowice.pl\/index.php?rest_route=\/wp\/v2\/types\/product"}],"wp:featuredmedia":[{"embeddable":true,"href":"https:\/\/jubilerzabkowice.pl\/index.php?rest_route=\/wp\/v2\/media\/990"}],"wp:attachment":[{"href":"https:\/\/jubilerzabkowice.pl\/index.php?rest_route=%2Fwp%2Fv2%2Fmedia&parent=989"}],"wp:term":[{"taxonomy":"product_cat","embeddable":true,"href":"https:\/\/jubilerzabkowice.pl\/index.php?rest_route=%2Fwp%2Fv2%2Fproduct_cat&post=989"},{"taxonomy":"product_tag","embeddable":true,"href":"https:\/\/jubilerzabkowice.pl\/index.php?rest_route=%2Fwp%2Fv2%2Fproduct_tag&post=989"}],"curies":[{"name":"wp","href":"https:\/\/api.w.org\/{rel}","templated":true}]}}