{"id":985,"date":"2022-03-23T12:22:03","date_gmt":"2022-03-23T11:22:03","guid":{"rendered":"https:\/\/jubilerzabkowice.pl\/?post_type=product&#038;p=985"},"modified":"2022-03-23T12:22:03","modified_gmt":"2022-03-23T11:22:03","slug":"zawieszka-zlota-wazka","status":"publish","type":"product","link":"https:\/\/jubilerzabkowice.pl\/?product=zawieszka-zlota-wazka","title":{"rendered":"Zawieszka z\u0142ota wa\u017cka"},"content":{"rendered":"","protected":false},"excerpt":{"rendered":"<p>Z\u0142ota zawieszka wa\u017cka ozdobiona bia\u0142ymi cyrkoniami.<\/p>\n","protected":false},"featured_media":986,"template":"","meta":[],"product_cat":[45,59],"product_tag":[46,55,50,49,47,56,41,54,48,57,62,52,42,60,43,61,51,44],"_links":{"self":[{"href":"https:\/\/jubilerzabkowice.pl\/index.php?rest_route=\/wp\/v2\/product\/985"}],"collection":[{"href":"https:\/\/jubilerzabkowice.pl\/index.php?rest_route=\/wp\/v2\/product"}],"about":[{"href":"https:\/\/jubilerzabkowice.pl\/index.php?rest_route=\/wp\/v2\/types\/product"}],"wp:featuredmedia":[{"embeddable":true,"href":"https:\/\/jubilerzabkowice.pl\/index.php?rest_route=\/wp\/v2\/media\/986"}],"wp:attachment":[{"href":"https:\/\/jubilerzabkowice.pl\/index.php?rest_route=%2Fwp%2Fv2%2Fmedia&parent=985"}],"wp:term":[{"taxonomy":"product_cat","embeddable":true,"href":"https:\/\/jubilerzabkowice.pl\/index.php?rest_route=%2Fwp%2Fv2%2Fproduct_cat&post=985"},{"taxonomy":"product_tag","embeddable":true,"href":"https:\/\/jubilerzabkowice.pl\/index.php?rest_route=%2Fwp%2Fv2%2Fproduct_tag&post=985"}],"curies":[{"name":"wp","href":"https:\/\/api.w.org\/{rel}","templated":true}]}}