{"id":983,"date":"2022-03-23T12:19:25","date_gmt":"2022-03-23T11:19:25","guid":{"rendered":"https:\/\/jubilerzabkowice.pl\/?post_type=product&#038;p=983"},"modified":"2022-03-23T12:19:25","modified_gmt":"2022-03-23T11:19:25","slug":"zawieszka-zlota-chrabaszcz","status":"publish","type":"product","link":"https:\/\/jubilerzabkowice.pl\/?product=zawieszka-zlota-chrabaszcz","title":{"rendered":"Zawieszka z\u0142ota chrab\u0105szcz"},"content":{"rendered":"","protected":false},"excerpt":{"rendered":"<p>Z\u0142ota zawieszka chrab\u0105szcz. Ozdobiona 3 kolorami z\u0142ota. <\/p>\n","protected":false},"featured_media":984,"template":"","meta":[],"product_cat":[45,59],"product_tag":[46,67,55,50,49,47,56,41,54,48,57,62,52,42,43,61,51,44,68],"_links":{"self":[{"href":"https:\/\/jubilerzabkowice.pl\/index.php?rest_route=\/wp\/v2\/product\/983"}],"collection":[{"href":"https:\/\/jubilerzabkowice.pl\/index.php?rest_route=\/wp\/v2\/product"}],"about":[{"href":"https:\/\/jubilerzabkowice.pl\/index.php?rest_route=\/wp\/v2\/types\/product"}],"wp:featuredmedia":[{"embeddable":true,"href":"https:\/\/jubilerzabkowice.pl\/index.php?rest_route=\/wp\/v2\/media\/984"}],"wp:attachment":[{"href":"https:\/\/jubilerzabkowice.pl\/index.php?rest_route=%2Fwp%2Fv2%2Fmedia&parent=983"}],"wp:term":[{"taxonomy":"product_cat","embeddable":true,"href":"https:\/\/jubilerzabkowice.pl\/index.php?rest_route=%2Fwp%2Fv2%2Fproduct_cat&post=983"},{"taxonomy":"product_tag","embeddable":true,"href":"https:\/\/jubilerzabkowice.pl\/index.php?rest_route=%2Fwp%2Fv2%2Fproduct_tag&post=983"}],"curies":[{"name":"wp","href":"https:\/\/api.w.org\/{rel}","templated":true}]}}