{"id":981,"date":"2022-03-23T12:15:50","date_gmt":"2022-03-23T11:15:50","guid":{"rendered":"https:\/\/jubilerzabkowice.pl\/?post_type=product&#038;p=981"},"modified":"2022-03-23T12:15:50","modified_gmt":"2022-03-23T11:15:50","slug":"zawieszka-zlota-pajak","status":"publish","type":"product","link":"https:\/\/jubilerzabkowice.pl\/?product=zawieszka-zlota-pajak","title":{"rendered":"Zawieszka z\u0142ota paj\u0105k"},"content":{"rendered":"","protected":false},"excerpt":{"rendered":"<p>Z\u0142ota zawieszka paj\u0105k.  Ozdobiona czarnymi i r\u00f3\u017cowymi kamieniami.<\/p>\n","protected":false},"featured_media":982,"template":"","meta":[],"product_cat":[45,59],"product_tag":[46,55,50,49,47,56,41,54,66,48,57,62,52,42,43,61,51,44],"_links":{"self":[{"href":"https:\/\/jubilerzabkowice.pl\/index.php?rest_route=\/wp\/v2\/product\/981"}],"collection":[{"href":"https:\/\/jubilerzabkowice.pl\/index.php?rest_route=\/wp\/v2\/product"}],"about":[{"href":"https:\/\/jubilerzabkowice.pl\/index.php?rest_route=\/wp\/v2\/types\/product"}],"wp:featuredmedia":[{"embeddable":true,"href":"https:\/\/jubilerzabkowice.pl\/index.php?rest_route=\/wp\/v2\/media\/982"}],"wp:attachment":[{"href":"https:\/\/jubilerzabkowice.pl\/index.php?rest_route=%2Fwp%2Fv2%2Fmedia&parent=981"}],"wp:term":[{"taxonomy":"product_cat","embeddable":true,"href":"https:\/\/jubilerzabkowice.pl\/index.php?rest_route=%2Fwp%2Fv2%2Fproduct_cat&post=981"},{"taxonomy":"product_tag","embeddable":true,"href":"https:\/\/jubilerzabkowice.pl\/index.php?rest_route=%2Fwp%2Fv2%2Fproduct_tag&post=981"}],"curies":[{"name":"wp","href":"https:\/\/api.w.org\/{rel}","templated":true}]}}