{"id":979,"date":"2022-03-23T12:12:37","date_gmt":"2022-03-23T11:12:37","guid":{"rendered":"https:\/\/jubilerzabkowice.pl\/?post_type=product&#038;p=979"},"modified":"2022-03-23T12:12:37","modified_gmt":"2022-03-23T11:12:37","slug":"zawieszka-zlota-mucha","status":"publish","type":"product","link":"https:\/\/jubilerzabkowice.pl\/?product=zawieszka-zlota-mucha","title":{"rendered":"Zawieszka z\u0142ota mucha"},"content":{"rendered":"","protected":false},"excerpt":{"rendered":"<p>Zawieszka z\u0142ota mucha ozdobiona 3 kolorami z\u0142ota z ruchomymi skrzyd\u0142ami<\/p>\n","protected":false},"featured_media":980,"template":"","meta":[],"product_cat":[45,59],"product_tag":[46,55,50,49,47,56,41,54,65,48,57,62,52,42,43,61,51,44],"_links":{"self":[{"href":"https:\/\/jubilerzabkowice.pl\/index.php?rest_route=\/wp\/v2\/product\/979"}],"collection":[{"href":"https:\/\/jubilerzabkowice.pl\/index.php?rest_route=\/wp\/v2\/product"}],"about":[{"href":"https:\/\/jubilerzabkowice.pl\/index.php?rest_route=\/wp\/v2\/types\/product"}],"wp:featuredmedia":[{"embeddable":true,"href":"https:\/\/jubilerzabkowice.pl\/index.php?rest_route=\/wp\/v2\/media\/980"}],"wp:attachment":[{"href":"https:\/\/jubilerzabkowice.pl\/index.php?rest_route=%2Fwp%2Fv2%2Fmedia&parent=979"}],"wp:term":[{"taxonomy":"product_cat","embeddable":true,"href":"https:\/\/jubilerzabkowice.pl\/index.php?rest_route=%2Fwp%2Fv2%2Fproduct_cat&post=979"},{"taxonomy":"product_tag","embeddable":true,"href":"https:\/\/jubilerzabkowice.pl\/index.php?rest_route=%2Fwp%2Fv2%2Fproduct_tag&post=979"}],"curies":[{"name":"wp","href":"https:\/\/api.w.org\/{rel}","templated":true}]}}