{"id":977,"date":"2022-03-23T12:08:09","date_gmt":"2022-03-23T11:08:09","guid":{"rendered":"https:\/\/jubilerzabkowice.pl\/?post_type=product&#038;p=977"},"modified":"2022-03-23T12:08:10","modified_gmt":"2022-03-23T11:08:10","slug":"zawieszka-zlota-flaming","status":"publish","type":"product","link":"https:\/\/jubilerzabkowice.pl\/?product=zawieszka-zlota-flaming","title":{"rendered":"Zawieszka z\u0142ota flaming"},"content":{"rendered":"","protected":false},"excerpt":{"rendered":"<p>Z\u0142ota zawieszka flaming wykonana z 3 kolor\u00f3w z\u0142ota.  Z\u0142oto \u017c\u00f3\u0142te,  bia\u0142e i r\u00f3\u017cowe.<\/p>\n","protected":false},"featured_media":978,"template":"","meta":[],"product_cat":[45,59],"product_tag":[46,55,50,64,49,47,56,41,54,48,57,62,52,42,43,61,51,44],"_links":{"self":[{"href":"https:\/\/jubilerzabkowice.pl\/index.php?rest_route=\/wp\/v2\/product\/977"}],"collection":[{"href":"https:\/\/jubilerzabkowice.pl\/index.php?rest_route=\/wp\/v2\/product"}],"about":[{"href":"https:\/\/jubilerzabkowice.pl\/index.php?rest_route=\/wp\/v2\/types\/product"}],"wp:featuredmedia":[{"embeddable":true,"href":"https:\/\/jubilerzabkowice.pl\/index.php?rest_route=\/wp\/v2\/media\/978"}],"wp:attachment":[{"href":"https:\/\/jubilerzabkowice.pl\/index.php?rest_route=%2Fwp%2Fv2%2Fmedia&parent=977"}],"wp:term":[{"taxonomy":"product_cat","embeddable":true,"href":"https:\/\/jubilerzabkowice.pl\/index.php?rest_route=%2Fwp%2Fv2%2Fproduct_cat&post=977"},{"taxonomy":"product_tag","embeddable":true,"href":"https:\/\/jubilerzabkowice.pl\/index.php?rest_route=%2Fwp%2Fv2%2Fproduct_tag&post=977"}],"curies":[{"name":"wp","href":"https:\/\/api.w.org\/{rel}","templated":true}]}}