{"id":975,"date":"2022-03-23T12:05:07","date_gmt":"2022-03-23T11:05:07","guid":{"rendered":"https:\/\/jubilerzabkowice.pl\/?post_type=product&#038;p=975"},"modified":"2022-03-23T12:05:08","modified_gmt":"2022-03-23T11:05:08","slug":"zawieszka-zlota-skorpion","status":"publish","type":"product","link":"https:\/\/jubilerzabkowice.pl\/?product=zawieszka-zlota-skorpion","title":{"rendered":"Zawieszka z\u0142ota skorpion"},"content":{"rendered":"","protected":false},"excerpt":{"rendered":"<p>Z\u0142ota zawieszka skorpion wykonana z 3 kolor\u00f3w z\u0142ota i ozdobiona cyrkoniami.<\/p>\n","protected":false},"featured_media":976,"template":"","meta":[],"product_cat":[45,59],"product_tag":[46,55,50,49,47,56,41,54,48,57,62,63,52,42,43,61,51,44],"_links":{"self":[{"href":"https:\/\/jubilerzabkowice.pl\/index.php?rest_route=\/wp\/v2\/product\/975"}],"collection":[{"href":"https:\/\/jubilerzabkowice.pl\/index.php?rest_route=\/wp\/v2\/product"}],"about":[{"href":"https:\/\/jubilerzabkowice.pl\/index.php?rest_route=\/wp\/v2\/types\/product"}],"wp:featuredmedia":[{"embeddable":true,"href":"https:\/\/jubilerzabkowice.pl\/index.php?rest_route=\/wp\/v2\/media\/976"}],"wp:attachment":[{"href":"https:\/\/jubilerzabkowice.pl\/index.php?rest_route=%2Fwp%2Fv2%2Fmedia&parent=975"}],"wp:term":[{"taxonomy":"product_cat","embeddable":true,"href":"https:\/\/jubilerzabkowice.pl\/index.php?rest_route=%2Fwp%2Fv2%2Fproduct_cat&post=975"},{"taxonomy":"product_tag","embeddable":true,"href":"https:\/\/jubilerzabkowice.pl\/index.php?rest_route=%2Fwp%2Fv2%2Fproduct_tag&post=975"}],"curies":[{"name":"wp","href":"https:\/\/api.w.org\/{rel}","templated":true}]}}