{"id":969,"date":"2022-03-23T11:52:12","date_gmt":"2022-03-23T10:52:12","guid":{"rendered":"https:\/\/jubilerzabkowice.pl\/?post_type=product&#038;p=969"},"modified":"2022-03-23T11:52:12","modified_gmt":"2022-03-23T10:52:12","slug":"kolczyki-zlote-sopelki","status":"publish","type":"product","link":"https:\/\/jubilerzabkowice.pl\/?product=kolczyki-zlote-sopelki","title":{"rendered":"Kolczyki z\u0142ote sopelki"},"content":{"rendered":"","protected":false},"excerpt":{"rendered":"<p>Kolczyki z\u0142ote na zapi\u0119ciu angielskim. Sople ozdobione diamentowanym bia\u0142ym z\u0142otem.<\/p>\n","protected":false},"featured_media":970,"template":"","meta":[],"product_cat":[35,45],"product_tag":[46,55,50,49,47,56,41,58,54,48,57,52,42,43,51,44],"_links":{"self":[{"href":"https:\/\/jubilerzabkowice.pl\/index.php?rest_route=\/wp\/v2\/product\/969"}],"collection":[{"href":"https:\/\/jubilerzabkowice.pl\/index.php?rest_route=\/wp\/v2\/product"}],"about":[{"href":"https:\/\/jubilerzabkowice.pl\/index.php?rest_route=\/wp\/v2\/types\/product"}],"wp:featuredmedia":[{"embeddable":true,"href":"https:\/\/jubilerzabkowice.pl\/index.php?rest_route=\/wp\/v2\/media\/970"}],"wp:attachment":[{"href":"https:\/\/jubilerzabkowice.pl\/index.php?rest_route=%2Fwp%2Fv2%2Fmedia&parent=969"}],"wp:term":[{"taxonomy":"product_cat","embeddable":true,"href":"https:\/\/jubilerzabkowice.pl\/index.php?rest_route=%2Fwp%2Fv2%2Fproduct_cat&post=969"},{"taxonomy":"product_tag","embeddable":true,"href":"https:\/\/jubilerzabkowice.pl\/index.php?rest_route=%2Fwp%2Fv2%2Fproduct_tag&post=969"}],"curies":[{"name":"wp","href":"https:\/\/api.w.org\/{rel}","templated":true}]}}