{"id":967,"date":"2022-03-23T11:44:36","date_gmt":"2022-03-23T10:44:36","guid":{"rendered":"https:\/\/jubilerzabkowice.pl\/?post_type=product&#038;p=967"},"modified":"2022-03-23T11:44:36","modified_gmt":"2022-03-23T10:44:36","slug":"kolczyki-zlote-kulki","status":"publish","type":"product","link":"https:\/\/jubilerzabkowice.pl\/?product=kolczyki-zlote-kulki","title":{"rendered":"Kolczyki z\u0142ote kulki"},"content":{"rendered":"","protected":false},"excerpt":{"rendered":"<p>Kolczyki z\u0142ote wisz\u0105ce z g\u0142adkimi kulkami z bia\u0142ego i \u017c\u00f3\u0142tego z\u0142ota. <\/p>\n","protected":false},"featured_media":968,"template":"","meta":[],"product_cat":[35,45],"product_tag":[46,55,50,49,47,56,41,58,54,48,57,52,42,43,51,44],"_links":{"self":[{"href":"https:\/\/jubilerzabkowice.pl\/index.php?rest_route=\/wp\/v2\/product\/967"}],"collection":[{"href":"https:\/\/jubilerzabkowice.pl\/index.php?rest_route=\/wp\/v2\/product"}],"about":[{"href":"https:\/\/jubilerzabkowice.pl\/index.php?rest_route=\/wp\/v2\/types\/product"}],"wp:featuredmedia":[{"embeddable":true,"href":"https:\/\/jubilerzabkowice.pl\/index.php?rest_route=\/wp\/v2\/media\/968"}],"wp:attachment":[{"href":"https:\/\/jubilerzabkowice.pl\/index.php?rest_route=%2Fwp%2Fv2%2Fmedia&parent=967"}],"wp:term":[{"taxonomy":"product_cat","embeddable":true,"href":"https:\/\/jubilerzabkowice.pl\/index.php?rest_route=%2Fwp%2Fv2%2Fproduct_cat&post=967"},{"taxonomy":"product_tag","embeddable":true,"href":"https:\/\/jubilerzabkowice.pl\/index.php?rest_route=%2Fwp%2Fv2%2Fproduct_tag&post=967"}],"curies":[{"name":"wp","href":"https:\/\/api.w.org\/{rel}","templated":true}]}}