{"id":965,"date":"2022-03-23T11:38:35","date_gmt":"2022-03-23T10:38:35","guid":{"rendered":"https:\/\/jubilerzabkowice.pl\/?post_type=product&#038;p=965"},"modified":"2022-03-23T11:38:36","modified_gmt":"2022-03-23T10:38:36","slug":"kolczyki-zlote-z-grawerowanymi-kulkami","status":"publish","type":"product","link":"https:\/\/jubilerzabkowice.pl\/?product=kolczyki-zlote-z-grawerowanymi-kulkami","title":{"rendered":"Kolczyki z\u0142ote z grawerowanymi kulkami"},"content":{"rendered":"","protected":false},"excerpt":{"rendered":"<p>Kolczyki z\u0142ote,  wkr\u0119tki z grawerowanymi kulkami w 3 kolorach z\u0142ota ( \u017c\u00f3\u0142te,  bia\u0142e i r\u00f3\u017cowe). <\/p>\n","protected":false},"featured_media":966,"template":"","meta":[],"product_cat":[35,45],"product_tag":[46,55,50,49,47,56,41,58,54,48,57,52,42,43,51,44],"_links":{"self":[{"href":"https:\/\/jubilerzabkowice.pl\/index.php?rest_route=\/wp\/v2\/product\/965"}],"collection":[{"href":"https:\/\/jubilerzabkowice.pl\/index.php?rest_route=\/wp\/v2\/product"}],"about":[{"href":"https:\/\/jubilerzabkowice.pl\/index.php?rest_route=\/wp\/v2\/types\/product"}],"wp:featuredmedia":[{"embeddable":true,"href":"https:\/\/jubilerzabkowice.pl\/index.php?rest_route=\/wp\/v2\/media\/966"}],"wp:attachment":[{"href":"https:\/\/jubilerzabkowice.pl\/index.php?rest_route=%2Fwp%2Fv2%2Fmedia&parent=965"}],"wp:term":[{"taxonomy":"product_cat","embeddable":true,"href":"https:\/\/jubilerzabkowice.pl\/index.php?rest_route=%2Fwp%2Fv2%2Fproduct_cat&post=965"},{"taxonomy":"product_tag","embeddable":true,"href":"https:\/\/jubilerzabkowice.pl\/index.php?rest_route=%2Fwp%2Fv2%2Fproduct_tag&post=965"}],"curies":[{"name":"wp","href":"https:\/\/api.w.org\/{rel}","templated":true}]}}