{"id":963,"date":"2022-03-23T11:35:18","date_gmt":"2022-03-23T10:35:18","guid":{"rendered":"https:\/\/jubilerzabkowice.pl\/?post_type=product&#038;p=963"},"modified":"2022-03-23T11:35:18","modified_gmt":"2022-03-23T10:35:18","slug":"kolczyki-zlote-wiszace-lancuszki","status":"publish","type":"product","link":"https:\/\/jubilerzabkowice.pl\/?product=kolczyki-zlote-wiszace-lancuszki","title":{"rendered":"Kolczyki z\u0142ote wisz\u0105ce \u0142a\u0144cuszki"},"content":{"rendered":"","protected":false},"excerpt":{"rendered":"<p>Z\u0142ote kolczyki na zapi\u0119ciu angielskim z cyrkoniami i wisz\u0105cymi \u0142a\u0144cuszkami. <\/p>\n","protected":false},"featured_media":964,"template":"","meta":[],"product_cat":[35,45],"product_tag":[46,55,50,49,47,56,41,58,54,48,57,52,42,43,51,44],"_links":{"self":[{"href":"https:\/\/jubilerzabkowice.pl\/index.php?rest_route=\/wp\/v2\/product\/963"}],"collection":[{"href":"https:\/\/jubilerzabkowice.pl\/index.php?rest_route=\/wp\/v2\/product"}],"about":[{"href":"https:\/\/jubilerzabkowice.pl\/index.php?rest_route=\/wp\/v2\/types\/product"}],"wp:featuredmedia":[{"embeddable":true,"href":"https:\/\/jubilerzabkowice.pl\/index.php?rest_route=\/wp\/v2\/media\/964"}],"wp:attachment":[{"href":"https:\/\/jubilerzabkowice.pl\/index.php?rest_route=%2Fwp%2Fv2%2Fmedia&parent=963"}],"wp:term":[{"taxonomy":"product_cat","embeddable":true,"href":"https:\/\/jubilerzabkowice.pl\/index.php?rest_route=%2Fwp%2Fv2%2Fproduct_cat&post=963"},{"taxonomy":"product_tag","embeddable":true,"href":"https:\/\/jubilerzabkowice.pl\/index.php?rest_route=%2Fwp%2Fv2%2Fproduct_tag&post=963"}],"curies":[{"name":"wp","href":"https:\/\/api.w.org\/{rel}","templated":true}]}}