{"id":957,"date":"2022-03-23T11:14:02","date_gmt":"2022-03-23T10:14:02","guid":{"rendered":"https:\/\/jubilerzabkowice.pl\/?post_type=product&#038;p=957"},"modified":"2022-03-23T11:14:02","modified_gmt":"2022-03-23T10:14:02","slug":"pierscionek-zloty-z-naturalna-kamea","status":"publish","type":"product","link":"https:\/\/jubilerzabkowice.pl\/?product=pierscionek-zloty-z-naturalna-kamea","title":{"rendered":"Pier\u015bcionek z\u0142oty z naturaln\u0105 kame\u0105"},"content":{"rendered":"","protected":false},"excerpt":{"rendered":"<p>Pier\u015bcionek z\u0142oty z naturalnym kamieniem KAME\u0104, oprawion\u0105 w \u017c\u00f3\u0142tym z\u0142ocie. <\/p>\n","protected":false},"featured_media":958,"template":"","meta":[],"product_cat":[37,45],"product_tag":[46,55,50,49,47,56,41,54,53,48,57,52,42,43,51,44],"_links":{"self":[{"href":"https:\/\/jubilerzabkowice.pl\/index.php?rest_route=\/wp\/v2\/product\/957"}],"collection":[{"href":"https:\/\/jubilerzabkowice.pl\/index.php?rest_route=\/wp\/v2\/product"}],"about":[{"href":"https:\/\/jubilerzabkowice.pl\/index.php?rest_route=\/wp\/v2\/types\/product"}],"wp:featuredmedia":[{"embeddable":true,"href":"https:\/\/jubilerzabkowice.pl\/index.php?rest_route=\/wp\/v2\/media\/958"}],"wp:attachment":[{"href":"https:\/\/jubilerzabkowice.pl\/index.php?rest_route=%2Fwp%2Fv2%2Fmedia&parent=957"}],"wp:term":[{"taxonomy":"product_cat","embeddable":true,"href":"https:\/\/jubilerzabkowice.pl\/index.php?rest_route=%2Fwp%2Fv2%2Fproduct_cat&post=957"},{"taxonomy":"product_tag","embeddable":true,"href":"https:\/\/jubilerzabkowice.pl\/index.php?rest_route=%2Fwp%2Fv2%2Fproduct_tag&post=957"}],"curies":[{"name":"wp","href":"https:\/\/api.w.org\/{rel}","templated":true}]}}