{"id":955,"date":"2022-03-23T11:09:24","date_gmt":"2022-03-23T10:09:24","guid":{"rendered":"https:\/\/jubilerzabkowice.pl\/?post_type=product&#038;p=955"},"modified":"2022-03-23T11:09:24","modified_gmt":"2022-03-23T10:09:24","slug":"pierscionek-zloty-z-fioletowym-kamieniem","status":"publish","type":"product","link":"https:\/\/jubilerzabkowice.pl\/?product=pierscionek-zloty-z-fioletowym-kamieniem","title":{"rendered":"Pier\u015bcionek z\u0142oty z fioletowym kamieniem"},"content":{"rendered":"","protected":false},"excerpt":{"rendered":"<p>Pier\u015bcionek z\u0142oty z du\u017cym,  pi\u0119knie szlifowanym kamieniem w kolorze ametystowym. Ozdobiony mniejszymi, bia\u0142ymi cyrkoniami. <\/p>\n","protected":false},"featured_media":956,"template":"","meta":[],"product_cat":[37,45],"product_tag":[46,55,50,49,47,56,41,54,53,48,57,52,42,43,51,44],"_links":{"self":[{"href":"https:\/\/jubilerzabkowice.pl\/index.php?rest_route=\/wp\/v2\/product\/955"}],"collection":[{"href":"https:\/\/jubilerzabkowice.pl\/index.php?rest_route=\/wp\/v2\/product"}],"about":[{"href":"https:\/\/jubilerzabkowice.pl\/index.php?rest_route=\/wp\/v2\/types\/product"}],"wp:featuredmedia":[{"embeddable":true,"href":"https:\/\/jubilerzabkowice.pl\/index.php?rest_route=\/wp\/v2\/media\/956"}],"wp:attachment":[{"href":"https:\/\/jubilerzabkowice.pl\/index.php?rest_route=%2Fwp%2Fv2%2Fmedia&parent=955"}],"wp:term":[{"taxonomy":"product_cat","embeddable":true,"href":"https:\/\/jubilerzabkowice.pl\/index.php?rest_route=%2Fwp%2Fv2%2Fproduct_cat&post=955"},{"taxonomy":"product_tag","embeddable":true,"href":"https:\/\/jubilerzabkowice.pl\/index.php?rest_route=%2Fwp%2Fv2%2Fproduct_tag&post=955"}],"curies":[{"name":"wp","href":"https:\/\/api.w.org\/{rel}","templated":true}]}}