{"id":953,"date":"2022-03-23T11:05:55","date_gmt":"2022-03-23T10:05:55","guid":{"rendered":"https:\/\/jubilerzabkowice.pl\/?post_type=product&#038;p=953"},"modified":"2022-03-23T11:05:55","modified_gmt":"2022-03-23T10:05:55","slug":"pierscionek-zloty-z-naturalnym-topazem-2","status":"publish","type":"product","link":"https:\/\/jubilerzabkowice.pl\/?product=pierscionek-zloty-z-naturalnym-topazem-2","title":{"rendered":"Pier\u015bcionek z\u0142oty z naturalnym TOPAZEM"},"content":{"rendered":"","protected":false},"excerpt":{"rendered":"<p>Pier\u015bcionek z\u0142oty z naturalnym TOPAZEM w kolorze peach. <\/p>\n","protected":false},"featured_media":954,"template":"","meta":[],"product_cat":[37,45],"product_tag":[46,55,50,49,47,56,41,54,53,48,57,52,42,43,51,44],"_links":{"self":[{"href":"https:\/\/jubilerzabkowice.pl\/index.php?rest_route=\/wp\/v2\/product\/953"}],"collection":[{"href":"https:\/\/jubilerzabkowice.pl\/index.php?rest_route=\/wp\/v2\/product"}],"about":[{"href":"https:\/\/jubilerzabkowice.pl\/index.php?rest_route=\/wp\/v2\/types\/product"}],"wp:featuredmedia":[{"embeddable":true,"href":"https:\/\/jubilerzabkowice.pl\/index.php?rest_route=\/wp\/v2\/media\/954"}],"wp:attachment":[{"href":"https:\/\/jubilerzabkowice.pl\/index.php?rest_route=%2Fwp%2Fv2%2Fmedia&parent=953"}],"wp:term":[{"taxonomy":"product_cat","embeddable":true,"href":"https:\/\/jubilerzabkowice.pl\/index.php?rest_route=%2Fwp%2Fv2%2Fproduct_cat&post=953"},{"taxonomy":"product_tag","embeddable":true,"href":"https:\/\/jubilerzabkowice.pl\/index.php?rest_route=%2Fwp%2Fv2%2Fproduct_tag&post=953"}],"curies":[{"name":"wp","href":"https:\/\/api.w.org\/{rel}","templated":true}]}}