{"id":951,"date":"2022-03-23T11:01:39","date_gmt":"2022-03-23T10:01:39","guid":{"rendered":"https:\/\/jubilerzabkowice.pl\/?post_type=product&#038;p=951"},"modified":"2022-03-23T11:01:39","modified_gmt":"2022-03-23T10:01:39","slug":"pierscionek-zloty-sygnet-damski","status":"publish","type":"product","link":"https:\/\/jubilerzabkowice.pl\/?product=pierscionek-zloty-sygnet-damski","title":{"rendered":"Pier\u015bcionek z\u0142oty, sygnet damski"},"content":{"rendered":"","protected":false},"excerpt":{"rendered":"<p>Damski sygnet z pi\u0119kn\u0105, du\u017c\u0105 cyrkoni\u0105 w kszta\u0142cie prostok\u0105ta.   <\/p>\n","protected":false},"featured_media":952,"template":"","meta":[],"product_cat":[37,45],"product_tag":[46,55,50,49,47,56,41,54,53,48,57,52,42,43,51,44],"_links":{"self":[{"href":"https:\/\/jubilerzabkowice.pl\/index.php?rest_route=\/wp\/v2\/product\/951"}],"collection":[{"href":"https:\/\/jubilerzabkowice.pl\/index.php?rest_route=\/wp\/v2\/product"}],"about":[{"href":"https:\/\/jubilerzabkowice.pl\/index.php?rest_route=\/wp\/v2\/types\/product"}],"wp:featuredmedia":[{"embeddable":true,"href":"https:\/\/jubilerzabkowice.pl\/index.php?rest_route=\/wp\/v2\/media\/952"}],"wp:attachment":[{"href":"https:\/\/jubilerzabkowice.pl\/index.php?rest_route=%2Fwp%2Fv2%2Fmedia&parent=951"}],"wp:term":[{"taxonomy":"product_cat","embeddable":true,"href":"https:\/\/jubilerzabkowice.pl\/index.php?rest_route=%2Fwp%2Fv2%2Fproduct_cat&post=951"},{"taxonomy":"product_tag","embeddable":true,"href":"https:\/\/jubilerzabkowice.pl\/index.php?rest_route=%2Fwp%2Fv2%2Fproduct_tag&post=951"}],"curies":[{"name":"wp","href":"https:\/\/api.w.org\/{rel}","templated":true}]}}