{"id":949,"date":"2022-03-23T10:57:47","date_gmt":"2022-03-23T09:57:47","guid":{"rendered":"https:\/\/jubilerzabkowice.pl\/?post_type=product&#038;p=949"},"modified":"2022-03-23T10:57:47","modified_gmt":"2022-03-23T09:57:47","slug":"pierscionek-zloty-z-naturalnym-topazem","status":"publish","type":"product","link":"https:\/\/jubilerzabkowice.pl\/?product=pierscionek-zloty-z-naturalnym-topazem","title":{"rendered":"Pier\u015bcionek z\u0142oty z naturalnym TOPAZEM"},"content":{"rendered":"","protected":false},"excerpt":{"rendered":"<p>Pier\u015bcionek z\u0142oty z naturalnym kamieniem, TOPAZEM w kolorze khaki. <\/p>\n","protected":false},"featured_media":950,"template":"","meta":[],"product_cat":[37,45],"product_tag":[46,55,50,49,47,56,41,54,53,48,57,52,42,43,51,44],"_links":{"self":[{"href":"https:\/\/jubilerzabkowice.pl\/index.php?rest_route=\/wp\/v2\/product\/949"}],"collection":[{"href":"https:\/\/jubilerzabkowice.pl\/index.php?rest_route=\/wp\/v2\/product"}],"about":[{"href":"https:\/\/jubilerzabkowice.pl\/index.php?rest_route=\/wp\/v2\/types\/product"}],"wp:featuredmedia":[{"embeddable":true,"href":"https:\/\/jubilerzabkowice.pl\/index.php?rest_route=\/wp\/v2\/media\/950"}],"wp:attachment":[{"href":"https:\/\/jubilerzabkowice.pl\/index.php?rest_route=%2Fwp%2Fv2%2Fmedia&parent=949"}],"wp:term":[{"taxonomy":"product_cat","embeddable":true,"href":"https:\/\/jubilerzabkowice.pl\/index.php?rest_route=%2Fwp%2Fv2%2Fproduct_cat&post=949"},{"taxonomy":"product_tag","embeddable":true,"href":"https:\/\/jubilerzabkowice.pl\/index.php?rest_route=%2Fwp%2Fv2%2Fproduct_tag&post=949"}],"curies":[{"name":"wp","href":"https:\/\/api.w.org\/{rel}","templated":true}]}}