{"id":945,"date":"2022-03-23T10:45:45","date_gmt":"2022-03-23T09:45:45","guid":{"rendered":"https:\/\/jubilerzabkowice.pl\/?post_type=product&#038;p=945"},"modified":"2022-03-23T10:45:45","modified_gmt":"2022-03-23T09:45:45","slug":"pierscionek-zloty-z-bialymi-cyrkoniami","status":"publish","type":"product","link":"https:\/\/jubilerzabkowice.pl\/?product=pierscionek-zloty-z-bialymi-cyrkoniami","title":{"rendered":"Pier\u015bcionek z\u0142oty z bia\u0142ymi cyrkoniami"},"content":{"rendered":"","protected":false},"excerpt":{"rendered":"<p>Z\u0142oty pier\u015bcionek ozdobiony pi\u0119knie mieni\u0105cymi si\u0119 kamieniami. <\/p>\n","protected":false},"featured_media":946,"template":"","meta":[],"product_cat":[37,45],"product_tag":[46,55,50,49,47,56,41,54,53,48,57,52,42,43,51,44],"_links":{"self":[{"href":"https:\/\/jubilerzabkowice.pl\/index.php?rest_route=\/wp\/v2\/product\/945"}],"collection":[{"href":"https:\/\/jubilerzabkowice.pl\/index.php?rest_route=\/wp\/v2\/product"}],"about":[{"href":"https:\/\/jubilerzabkowice.pl\/index.php?rest_route=\/wp\/v2\/types\/product"}],"wp:featuredmedia":[{"embeddable":true,"href":"https:\/\/jubilerzabkowice.pl\/index.php?rest_route=\/wp\/v2\/media\/946"}],"wp:attachment":[{"href":"https:\/\/jubilerzabkowice.pl\/index.php?rest_route=%2Fwp%2Fv2%2Fmedia&parent=945"}],"wp:term":[{"taxonomy":"product_cat","embeddable":true,"href":"https:\/\/jubilerzabkowice.pl\/index.php?rest_route=%2Fwp%2Fv2%2Fproduct_cat&post=945"},{"taxonomy":"product_tag","embeddable":true,"href":"https:\/\/jubilerzabkowice.pl\/index.php?rest_route=%2Fwp%2Fv2%2Fproduct_tag&post=945"}],"curies":[{"name":"wp","href":"https:\/\/api.w.org\/{rel}","templated":true}]}}