{"id":941,"date":"2022-03-23T10:32:01","date_gmt":"2022-03-23T09:32:01","guid":{"rendered":"https:\/\/jubilerzabkowice.pl\/?post_type=product&#038;p=941"},"modified":"2022-03-23T10:32:01","modified_gmt":"2022-03-23T09:32:01","slug":"pierscionek-zloty-z-grawerowanymi-kulkami","status":"publish","type":"product","link":"https:\/\/jubilerzabkowice.pl\/?product=pierscionek-zloty-z-grawerowanymi-kulkami","title":{"rendered":"Pier\u015bcionek z\u0142oty z grawerowanymi kulkami"},"content":{"rendered":"","protected":false},"excerpt":{"rendered":"<p>Pier\u015bcionek z\u0142oty ozdobiony grawerowanymi kulkami w 2 rodzajach z\u0142ota (z\u0142oto bia\u0142e i \u017c\u00f3\u0142te). Dodatkowo, pier\u015bcionek wysadzany jest bia\u0142ymi cyrkoniami. <\/p>\n","protected":false},"featured_media":942,"template":"","meta":[],"product_cat":[37,45],"product_tag":[46,55,50,49,47,41,54,53,48,57,52,42,43,51,44],"_links":{"self":[{"href":"https:\/\/jubilerzabkowice.pl\/index.php?rest_route=\/wp\/v2\/product\/941"}],"collection":[{"href":"https:\/\/jubilerzabkowice.pl\/index.php?rest_route=\/wp\/v2\/product"}],"about":[{"href":"https:\/\/jubilerzabkowice.pl\/index.php?rest_route=\/wp\/v2\/types\/product"}],"wp:featuredmedia":[{"embeddable":true,"href":"https:\/\/jubilerzabkowice.pl\/index.php?rest_route=\/wp\/v2\/media\/942"}],"wp:attachment":[{"href":"https:\/\/jubilerzabkowice.pl\/index.php?rest_route=%2Fwp%2Fv2%2Fmedia&parent=941"}],"wp:term":[{"taxonomy":"product_cat","embeddable":true,"href":"https:\/\/jubilerzabkowice.pl\/index.php?rest_route=%2Fwp%2Fv2%2Fproduct_cat&post=941"},{"taxonomy":"product_tag","embeddable":true,"href":"https:\/\/jubilerzabkowice.pl\/index.php?rest_route=%2Fwp%2Fv2%2Fproduct_tag&post=941"}],"curies":[{"name":"wp","href":"https:\/\/api.w.org\/{rel}","templated":true}]}}