{"id":936,"date":"2022-03-23T10:23:28","date_gmt":"2022-03-23T09:23:28","guid":{"rendered":"https:\/\/jubilerzabkowice.pl\/?post_type=product&#038;p=936"},"modified":"2022-03-23T10:23:28","modified_gmt":"2022-03-23T09:23:28","slug":"pierscionek-zloty-z-naturalnym-szafirem","status":"publish","type":"product","link":"https:\/\/jubilerzabkowice.pl\/?product=pierscionek-zloty-z-naturalnym-szafirem","title":{"rendered":"Pier\u015bcionek z\u0142oty z naturalnym szafirem"},"content":{"rendered":"","protected":false},"excerpt":{"rendered":"<p>Elegancki pier\u015bcionek z\u0142oty z naturalnym SZAFIREM, ozdobiony bia\u0142ym z\u0142otem. <\/p>\n","protected":false},"featured_media":938,"template":"","meta":[],"product_cat":[37,45],"product_tag":[46,55,50,49,47,56,54,53,48,57,52,42,43,51,44],"_links":{"self":[{"href":"https:\/\/jubilerzabkowice.pl\/index.php?rest_route=\/wp\/v2\/product\/936"}],"collection":[{"href":"https:\/\/jubilerzabkowice.pl\/index.php?rest_route=\/wp\/v2\/product"}],"about":[{"href":"https:\/\/jubilerzabkowice.pl\/index.php?rest_route=\/wp\/v2\/types\/product"}],"wp:featuredmedia":[{"embeddable":true,"href":"https:\/\/jubilerzabkowice.pl\/index.php?rest_route=\/wp\/v2\/media\/938"}],"wp:attachment":[{"href":"https:\/\/jubilerzabkowice.pl\/index.php?rest_route=%2Fwp%2Fv2%2Fmedia&parent=936"}],"wp:term":[{"taxonomy":"product_cat","embeddable":true,"href":"https:\/\/jubilerzabkowice.pl\/index.php?rest_route=%2Fwp%2Fv2%2Fproduct_cat&post=936"},{"taxonomy":"product_tag","embeddable":true,"href":"https:\/\/jubilerzabkowice.pl\/index.php?rest_route=%2Fwp%2Fv2%2Fproduct_tag&post=936"}],"curies":[{"name":"wp","href":"https:\/\/api.w.org\/{rel}","templated":true}]}}