{"id":900,"date":"2021-11-28T15:34:27","date_gmt":"2021-11-28T14:34:27","guid":{"rendered":"https:\/\/jubilerzabkowice.pl\/?post_type=product&#038;p=900"},"modified":"2021-11-28T15:43:58","modified_gmt":"2021-11-28T14:43:58","slug":"naszyjnik-serce-nieskonczonosci","status":"publish","type":"product","link":"https:\/\/jubilerzabkowice.pl\/?product=naszyjnik-serce-nieskonczonosci","title":{"rendered":"Naszyjnik &#8222;Serce niesko\u0144czono\u015bci&#8221;"},"content":{"rendered":"","protected":false},"excerpt":{"rendered":"<p>\u0141a\u0144cuszek z sercem, w kt\u00f3re komponowano symbol niesko\u0144czono\u015bci.<\/p>\n","protected":false},"featured_media":901,"template":"","meta":[],"product_cat":[36,45],"product_tag":[],"_links":{"self":[{"href":"https:\/\/jubilerzabkowice.pl\/index.php?rest_route=\/wp\/v2\/product\/900"}],"collection":[{"href":"https:\/\/jubilerzabkowice.pl\/index.php?rest_route=\/wp\/v2\/product"}],"about":[{"href":"https:\/\/jubilerzabkowice.pl\/index.php?rest_route=\/wp\/v2\/types\/product"}],"wp:featuredmedia":[{"embeddable":true,"href":"https:\/\/jubilerzabkowice.pl\/index.php?rest_route=\/wp\/v2\/media\/901"}],"wp:attachment":[{"href":"https:\/\/jubilerzabkowice.pl\/index.php?rest_route=%2Fwp%2Fv2%2Fmedia&parent=900"}],"wp:term":[{"taxonomy":"product_cat","embeddable":true,"href":"https:\/\/jubilerzabkowice.pl\/index.php?rest_route=%2Fwp%2Fv2%2Fproduct_cat&post=900"},{"taxonomy":"product_tag","embeddable":true,"href":"https:\/\/jubilerzabkowice.pl\/index.php?rest_route=%2Fwp%2Fv2%2Fproduct_tag&post=900"}],"curies":[{"name":"wp","href":"https:\/\/api.w.org\/{rel}","templated":true}]}}