{"id":894,"date":"2021-11-28T15:28:19","date_gmt":"2021-11-28T14:28:19","guid":{"rendered":"https:\/\/jubilerzabkowice.pl\/?post_type=product&#038;p=894"},"modified":"2021-11-28T15:44:07","modified_gmt":"2021-11-28T14:44:07","slug":"duzy-zloty-lancuch-22cm","status":"publish","type":"product","link":"https:\/\/jubilerzabkowice.pl\/?product=duzy-zloty-lancuch-22cm","title":{"rendered":"Du\u017cy z\u0142oty \u0142a\u0144cuch 22cm"},"content":{"rendered":"","protected":false},"excerpt":{"rendered":"<p>Du\u017cy o wadze 200 gram z\u0142oty \u0142a\u0144cuch. \u0141a\u0144cuch oczkowany &#8222;pancerka&#8221;.<\/p>\n","protected":false},"featured_media":895,"template":"","meta":[],"product_cat":[36,45],"product_tag":[],"_links":{"self":[{"href":"https:\/\/jubilerzabkowice.pl\/index.php?rest_route=\/wp\/v2\/product\/894"}],"collection":[{"href":"https:\/\/jubilerzabkowice.pl\/index.php?rest_route=\/wp\/v2\/product"}],"about":[{"href":"https:\/\/jubilerzabkowice.pl\/index.php?rest_route=\/wp\/v2\/types\/product"}],"wp:featuredmedia":[{"embeddable":true,"href":"https:\/\/jubilerzabkowice.pl\/index.php?rest_route=\/wp\/v2\/media\/895"}],"wp:attachment":[{"href":"https:\/\/jubilerzabkowice.pl\/index.php?rest_route=%2Fwp%2Fv2%2Fmedia&parent=894"}],"wp:term":[{"taxonomy":"product_cat","embeddable":true,"href":"https:\/\/jubilerzabkowice.pl\/index.php?rest_route=%2Fwp%2Fv2%2Fproduct_cat&post=894"},{"taxonomy":"product_tag","embeddable":true,"href":"https:\/\/jubilerzabkowice.pl\/index.php?rest_route=%2Fwp%2Fv2%2Fproduct_tag&post=894"}],"curies":[{"name":"wp","href":"https:\/\/api.w.org\/{rel}","templated":true}]}}