{"id":119,"date":"2015-11-23T12:59:05","date_gmt":"2015-11-23T11:59:05","guid":{"rendered":"http:\/\/demo.massivedynamic.co\/shop-jewelry\/?post_type=product&#038;p=119"},"modified":"2021-11-28T15:51:09","modified_gmt":"2021-11-28T14:51:09","slug":"stardust-deluxe-link-necklace","status":"publish","type":"product","link":"https:\/\/jubilerzabkowice.pl\/?product=stardust-deluxe-link-necklace","title":{"rendered":"Z\u0142oty naszyjnik z mieczem"},"content":{"rendered":"","protected":false},"excerpt":{"rendered":"<div class=\"md-text\">\n<div class=\"md-text-content\">Z\u0142oty naszyjnik z motywem miecza wykonany w pr\u00f3bie z\u0142ota 585i cyrkoniami.<\/div>\n<div>\u0141a\u0144cuszek oczkowany wykonany z pr\u00f3b\u0105 z\u0142ota 750.<\/div>\n<div>D\u0142ugo\u015b\u0107 \u0142a\u0144cuszka 20cm.<\/div>\n<\/div>\n","protected":false},"featured_media":889,"template":"","meta":[],"product_cat":[36],"product_tag":[41,40,42,43,44],"_links":{"self":[{"href":"https:\/\/jubilerzabkowice.pl\/index.php?rest_route=\/wp\/v2\/product\/119"}],"collection":[{"href":"https:\/\/jubilerzabkowice.pl\/index.php?rest_route=\/wp\/v2\/product"}],"about":[{"href":"https:\/\/jubilerzabkowice.pl\/index.php?rest_route=\/wp\/v2\/types\/product"}],"wp:featuredmedia":[{"embeddable":true,"href":"https:\/\/jubilerzabkowice.pl\/index.php?rest_route=\/wp\/v2\/media\/889"}],"wp:attachment":[{"href":"https:\/\/jubilerzabkowice.pl\/index.php?rest_route=%2Fwp%2Fv2%2Fmedia&parent=119"}],"wp:term":[{"taxonomy":"product_cat","embeddable":true,"href":"https:\/\/jubilerzabkowice.pl\/index.php?rest_route=%2Fwp%2Fv2%2Fproduct_cat&post=119"},{"taxonomy":"product_tag","embeddable":true,"href":"https:\/\/jubilerzabkowice.pl\/index.php?rest_route=%2Fwp%2Fv2%2Fproduct_tag&post=119"}],"curies":[{"name":"wp","href":"https:\/\/api.w.org\/{rel}","templated":true}]}}