{"id":1009,"date":"2022-03-23T13:26:35","date_gmt":"2022-03-23T12:26:35","guid":{"rendered":"https:\/\/jubilerzabkowice.pl\/?post_type=product&#038;p=1009"},"modified":"2022-03-23T13:26:35","modified_gmt":"2022-03-23T12:26:35","slug":"bransoletka-zlota-z-bialym-zlotem","status":"publish","type":"product","link":"https:\/\/jubilerzabkowice.pl\/?product=bransoletka-zlota-z-bialym-zlotem","title":{"rendered":"Bransoletka z\u0142ota z bialym z\u0142otem"},"content":{"rendered":"","protected":false},"excerpt":{"rendered":"<p>Sztywna z\u0142ota bransoletka z diamentowanym bia\u0142ym z\u0142otem <\/p>\n","protected":false},"featured_media":1010,"template":"","meta":[],"product_cat":[38,45],"product_tag":[82,46,78,55,50,49,47,56,41,54,48,57,52,79,42,43,51,44,81],"_links":{"self":[{"href":"https:\/\/jubilerzabkowice.pl\/index.php?rest_route=\/wp\/v2\/product\/1009"}],"collection":[{"href":"https:\/\/jubilerzabkowice.pl\/index.php?rest_route=\/wp\/v2\/product"}],"about":[{"href":"https:\/\/jubilerzabkowice.pl\/index.php?rest_route=\/wp\/v2\/types\/product"}],"wp:featuredmedia":[{"embeddable":true,"href":"https:\/\/jubilerzabkowice.pl\/index.php?rest_route=\/wp\/v2\/media\/1010"}],"wp:attachment":[{"href":"https:\/\/jubilerzabkowice.pl\/index.php?rest_route=%2Fwp%2Fv2%2Fmedia&parent=1009"}],"wp:term":[{"taxonomy":"product_cat","embeddable":true,"href":"https:\/\/jubilerzabkowice.pl\/index.php?rest_route=%2Fwp%2Fv2%2Fproduct_cat&post=1009"},{"taxonomy":"product_tag","embeddable":true,"href":"https:\/\/jubilerzabkowice.pl\/index.php?rest_route=%2Fwp%2Fv2%2Fproduct_tag&post=1009"}],"curies":[{"name":"wp","href":"https:\/\/api.w.org\/{rel}","templated":true}]}}